{"id":85,"date":"2024-07-22T12:13:42","date_gmt":"2024-07-22T09:13:42","guid":{"rendered":"https:\/\/kinayagro.com\/?page_id=85"},"modified":"2024-07-23T16:21:00","modified_gmt":"2024-07-23T13:21:00","slug":"distributorluklerimiz","status":"publish","type":"page","link":"https:\/\/kinayagro.com\/index.php\/distributorluklerimiz\/","title":{"rendered":"Distrib\u00fct\u00f6rl\u00fcklerimiz"},"content":{"rendered":"\t\t<div data-elementor-type=\"wp-page\" data-elementor-id=\"85\" class=\"elementor elementor-85\">\n\t\t\t\t<div class=\"elementor-element elementor-element-d2b4a9b e-flex e-con-boxed e-con e-parent\" data-id=\"d2b4a9b\" data-element_type=\"container\">\n\t\t\t\t\t<div class=\"e-con-inner\">\n\t\t<div class=\"elementor-element elementor-element-29d6632 e-grid e-con-full e-con e-child\" data-id=\"29d6632\" data-element_type=\"container\">\n\t\t\t\t<div class=\"elementor-element elementor-element-f02c205 elementor-widget elementor-widget-image\" data-id=\"f02c205\" data-element_type=\"widget\" data-widget_type=\"image.default\">\n\t\t\t\t<div class=\"elementor-widget-container\">\n\t\t\t<style>\/*! elementor - v3.23.0 - 15-07-2024 *\/\n.elementor-widget-image{text-align:center}.elementor-widget-image a{display:inline-block}.elementor-widget-image a img[src$=\".svg\"]{width:48px}.elementor-widget-image img{vertical-align:middle;display:inline-block}<\/style>\t\t\t\t\t\t\t\t\t\t<img fetchpriority=\"high\" decoding=\"async\" width=\"1024\" height=\"302\" src=\"https:\/\/kinayagro.com\/wp-content\/uploads\/2024\/07\/dist_logo5-1024x302.png\" class=\"attachment-large size-large wp-image-110\" alt=\"\" srcset=\"https:\/\/kinayagro.com\/wp-content\/uploads\/2024\/07\/dist_logo5-1024x302.png 1024w, https:\/\/kinayagro.com\/wp-content\/uploads\/2024\/07\/dist_logo5-300x89.png 300w, https:\/\/kinayagro.com\/wp-content\/uploads\/2024\/07\/dist_logo5-768x227.png 768w, https:\/\/kinayagro.com\/wp-content\/uploads\/2024\/07\/dist_logo5.png 1321w\" sizes=\"(max-width: 1024px) 100vw, 1024px\" \/>\t\t\t\t\t\t\t\t\t\t\t\t\t<\/div>\n\t\t\t\t<\/div>\n\t\t\t\t<div class=\"elementor-element elementor-element-3afd886 elementor-widget elementor-widget-image\" data-id=\"3afd886\" data-element_type=\"widget\" data-widget_type=\"image.default\">\n\t\t\t\t<div class=\"elementor-widget-container\">\n\t\t\t\t\t\t\t\t\t\t\t\t\t<img decoding=\"async\" width=\"300\" height=\"186\" src=\"https:\/\/kinayagro.com\/wp-content\/uploads\/2024\/07\/dist_logo2-300x186.png\" class=\"attachment-medium size-medium wp-image-107\" alt=\"\" srcset=\"https:\/\/kinayagro.com\/wp-content\/uploads\/2024\/07\/dist_logo2-300x186.png 300w, https:\/\/kinayagro.com\/wp-content\/uploads\/2024\/07\/dist_logo2-1024x634.png 1024w, https:\/\/kinayagro.com\/wp-content\/uploads\/2024\/07\/dist_logo2-768x475.png 768w, https:\/\/kinayagro.com\/wp-content\/uploads\/2024\/07\/dist_logo2-1536x951.png 1536w, https:\/\/kinayagro.com\/wp-content\/uploads\/2024\/07\/dist_logo2.png 1984w\" sizes=\"(max-width: 300px) 100vw, 300px\" \/>\t\t\t\t\t\t\t\t\t\t\t\t\t<\/div>\n\t\t\t\t<\/div>\n\t\t\t\t<div class=\"elementor-element elementor-element-37090df elementor-widget elementor-widget-image\" data-id=\"37090df\" data-element_type=\"widget\" data-widget_type=\"image.default\">\n\t\t\t\t<div class=\"elementor-widget-container\">\n\t\t\t\t\t\t\t\t\t\t\t\t\t<img decoding=\"async\" width=\"1024\" height=\"459\" src=\"https:\/\/kinayagro.com\/wp-content\/uploads\/2024\/07\/dist_logo3-1024x459.png\" class=\"attachment-large size-large wp-image-108\" alt=\"\" srcset=\"https:\/\/kinayagro.com\/wp-content\/uploads\/2024\/07\/dist_logo3-1024x459.png 1024w, https:\/\/kinayagro.com\/wp-content\/uploads\/2024\/07\/dist_logo3-300x134.png 300w, https:\/\/kinayagro.com\/wp-content\/uploads\/2024\/07\/dist_logo3-768x344.png 768w, https:\/\/kinayagro.com\/wp-content\/uploads\/2024\/07\/dist_logo3.png 1254w\" sizes=\"(max-width: 1024px) 100vw, 1024px\" \/>\t\t\t\t\t\t\t\t\t\t\t\t\t<\/div>\n\t\t\t\t<\/div>\n\t\t\t\t<div class=\"elementor-element elementor-element-8875ad5 elementor-widget elementor-widget-image\" data-id=\"8875ad5\" data-element_type=\"widget\" data-widget_type=\"image.default\">\n\t\t\t\t<div class=\"elementor-widget-container\">\n\t\t\t\t\t\t\t\t\t\t\t\t\t<img loading=\"lazy\" decoding=\"async\" width=\"1024\" height=\"824\" src=\"https:\/\/kinayagro.com\/wp-content\/uploads\/2024\/07\/dist_logo4-1024x824.png\" class=\"attachment-large size-large wp-image-109\" alt=\"\" srcset=\"https:\/\/kinayagro.com\/wp-content\/uploads\/2024\/07\/dist_logo4-1024x824.png 1024w, https:\/\/kinayagro.com\/wp-content\/uploads\/2024\/07\/dist_logo4-300x241.png 300w, https:\/\/kinayagro.com\/wp-content\/uploads\/2024\/07\/dist_logo4-768x618.png 768w, https:\/\/kinayagro.com\/wp-content\/uploads\/2024\/07\/dist_logo4.png 1176w\" sizes=\"(max-width: 1024px) 100vw, 1024px\" \/>\t\t\t\t\t\t\t\t\t\t\t\t\t<\/div>\n\t\t\t\t<\/div>\n\t\t\t\t<div class=\"elementor-element elementor-element-e64ea39 elementor-widget elementor-widget-image\" data-id=\"e64ea39\" data-element_type=\"widget\" data-widget_type=\"image.default\">\n\t\t\t\t<div class=\"elementor-widget-container\">\n\t\t\t\t\t\t\t\t\t\t\t\t\t<img loading=\"lazy\" decoding=\"async\" width=\"193\" height=\"300\" src=\"https:\/\/kinayagro.com\/wp-content\/uploads\/2024\/07\/dist_logo1-193x300.png\" class=\"attachment-medium size-medium wp-image-106\" alt=\"\" srcset=\"https:\/\/kinayagro.com\/wp-content\/uploads\/2024\/07\/dist_logo1-193x300.png 193w, https:\/\/kinayagro.com\/wp-content\/uploads\/2024\/07\/dist_logo1-658x1024.png 658w, https:\/\/kinayagro.com\/wp-content\/uploads\/2024\/07\/dist_logo1-768x1195.png 768w, https:\/\/kinayagro.com\/wp-content\/uploads\/2024\/07\/dist_logo1.png 856w\" sizes=\"(max-width: 193px) 100vw, 193px\" \/>\t\t\t\t\t\t\t\t\t\t\t\t\t<\/div>\n\t\t\t\t<\/div>\n\t\t\t\t<div class=\"elementor-element elementor-element-dad91c2 elementor-widget elementor-widget-image\" data-id=\"dad91c2\" data-element_type=\"widget\" data-widget_type=\"image.default\">\n\t\t\t\t<div class=\"elementor-widget-container\">\n\t\t\t\t\t\t\t\t\t\t\t\t\t<img loading=\"lazy\" decoding=\"async\" width=\"408\" height=\"171\" src=\"https:\/\/kinayagro.com\/wp-content\/uploads\/2024\/07\/Dual.jpeg\" class=\"attachment-2048x2048 size-2048x2048 wp-image-111\" alt=\"\" srcset=\"https:\/\/kinayagro.com\/wp-content\/uploads\/2024\/07\/Dual.jpeg 408w, https:\/\/kinayagro.com\/wp-content\/uploads\/2024\/07\/Dual-300x126.jpeg 300w\" sizes=\"(max-width: 408px) 100vw, 408px\" \/>\t\t\t\t\t\t\t\t\t\t\t\t\t<\/div>\n\t\t\t\t<\/div>\n\t\t\t\t<\/div>\n\t\t\t\t\t<\/div>\n\t\t\t\t<\/div>\n\t\t<div class=\"elementor-element elementor-element-e44771b e-flex e-con-boxed e-con e-parent\" data-id=\"e44771b\" data-element_type=\"container\">\n\t\t\t\t\t<div class=\"e-con-inner\">\n\t\t\t\t<div class=\"elementor-element elementor-element-aafb0af elementor-widget elementor-widget-spacer\" data-id=\"aafb0af\" data-element_type=\"widget\" data-widget_type=\"spacer.default\">\n\t\t\t\t<div class=\"elementor-widget-container\">\n\t\t\t<style>\/*! elementor - v3.23.0 - 15-07-2024 *\/\n.elementor-column .elementor-spacer-inner{height:var(--spacer-size)}.e-con{--container-widget-width:100%}.e-con-inner>.elementor-widget-spacer,.e-con>.elementor-widget-spacer{width:var(--container-widget-width,var(--spacer-size));--align-self:var(--container-widget-align-self,initial);--flex-shrink:0}.e-con-inner>.elementor-widget-spacer>.elementor-widget-container,.e-con>.elementor-widget-spacer>.elementor-widget-container{height:100%;width:100%}.e-con-inner>.elementor-widget-spacer>.elementor-widget-container>.elementor-spacer,.e-con>.elementor-widget-spacer>.elementor-widget-container>.elementor-spacer{height:100%}.e-con-inner>.elementor-widget-spacer>.elementor-widget-container>.elementor-spacer>.elementor-spacer-inner,.e-con>.elementor-widget-spacer>.elementor-widget-container>.elementor-spacer>.elementor-spacer-inner{height:var(--container-widget-height,var(--spacer-size))}.e-con-inner>.elementor-widget-spacer.elementor-widget-empty,.e-con>.elementor-widget-spacer.elementor-widget-empty{position:relative;min-height:22px;min-width:22px}.e-con-inner>.elementor-widget-spacer.elementor-widget-empty .elementor-widget-empty-icon,.e-con>.elementor-widget-spacer.elementor-widget-empty .elementor-widget-empty-icon{position:absolute;top:0;bottom:0;left:0;right:0;margin:auto;padding:0;width:22px;height:22px}<\/style>\t\t<div class=\"elementor-spacer\">\n\t\t\t<div class=\"elementor-spacer-inner\"><\/div>\n\t\t<\/div>\n\t\t\t\t<\/div>\n\t\t\t\t<\/div>\n\t\t\t\t\t<\/div>\n\t\t\t\t<\/div>\n\t\t\t\t<\/div>\n\t\t","protected":false},"excerpt":{"rendered":"","protected":false},"author":1,"featured_media":0,"parent":0,"menu_order":0,"comment_status":"closed","ping_status":"closed","template":"page-templates\/template-pagebuilder-full-width.php","meta":{"neve_meta_sidebar":"","neve_meta_container":"","neve_meta_enable_content_width":"","neve_meta_content_width":0,"neve_meta_title_alignment":"","neve_meta_author_avatar":"","neve_post_elements_order":"","neve_meta_disable_header":"","neve_meta_disable_footer":"","neve_meta_disable_title":"","footnotes":""},"class_list":["post-85","page","type-page","status-publish","hentry"],"_links":{"self":[{"href":"https:\/\/kinayagro.com\/index.php\/wp-json\/wp\/v2\/pages\/85","targetHints":{"allow":["GET"]}}],"collection":[{"href":"https:\/\/kinayagro.com\/index.php\/wp-json\/wp\/v2\/pages"}],"about":[{"href":"https:\/\/kinayagro.com\/index.php\/wp-json\/wp\/v2\/types\/page"}],"author":[{"embeddable":true,"href":"https:\/\/kinayagro.com\/index.php\/wp-json\/wp\/v2\/users\/1"}],"replies":[{"embeddable":true,"href":"https:\/\/kinayagro.com\/index.php\/wp-json\/wp\/v2\/comments?post=85"}],"version-history":[{"count":16,"href":"https:\/\/kinayagro.com\/index.php\/wp-json\/wp\/v2\/pages\/85\/revisions"}],"predecessor-version":[{"id":124,"href":"https:\/\/kinayagro.com\/index.php\/wp-json\/wp\/v2\/pages\/85\/revisions\/124"}],"wp:attachment":[{"href":"https:\/\/kinayagro.com\/index.php\/wp-json\/wp\/v2\/media?parent=85"}],"curies":[{"name":"wp","href":"https:\/\/api.w.org\/{rel}","templated":true}]}}