{"id":12,"date":"2024-07-17T14:46:27","date_gmt":"2024-07-17T11:46:27","guid":{"rendered":"https:\/\/kinayagro.com\/?page_id=12"},"modified":"2024-07-23T16:19:37","modified_gmt":"2024-07-23T13:19:37","slug":"hakkinda","status":"publish","type":"page","link":"https:\/\/kinayagro.com\/index.php\/hakkinda\/","title":{"rendered":"Hakk\u0131nda"},"content":{"rendered":"\n<div class=\"wp-block-cover alignfull\" style=\"min-height:320px;aspect-ratio:unset;\"><span aria-hidden=\"true\" class=\"wp-block-cover__background has-nv-site-bg-background-color has-background-dim-100 has-background-dim\"><\/span><div class=\"wp-block-cover__inner-container is-layout-flow wp-block-cover-is-layout-flow\">\n<div class=\"wp-block-group\" style=\"padding-right:var(--wp--preset--spacing--30);padding-left:var(--wp--preset--spacing--30)\"><div class=\"wp-block-group__inner-container is-layout-flow wp-block-group-is-layout-flow\">\n<h2 class=\"wp-block-heading has-neve-text-color-color has-text-color has-link-color wp-elements-a5a0a4fcab592a5d079c61106fd071ba\">Hakk\u0131m\u0131zda<\/h2>\n<\/div><\/div>\n<\/div><\/div>\n\n\n\n<div class=\"wp-block-cover alignfull\" style=\"min-height:600px;aspect-ratio:unset;\"><span aria-hidden=\"true\" class=\"wp-block-cover__background has-nv-light-bg-background-color has-background-dim-100 has-background-dim\"><\/span><div class=\"wp-block-cover__inner-container is-layout-flow wp-block-cover-is-layout-flow\">\n<div class=\"wp-block-group\"><div class=\"wp-block-group__inner-container is-layout-flow wp-block-group-is-layout-flow\">\n<div style=\"height:80px\" aria-hidden=\"true\" class=\"wp-block-spacer\"><\/div>\n\n\n\n<div class=\"wp-block-columns are-vertically-aligned-center has-neve-text-color-color has-text-color is-layout-flex wp-container-core-columns-is-layout-9d6595d7 wp-block-columns-is-layout-flex\">\n<div class=\"wp-block-column is-vertically-aligned-center is-layout-flow wp-block-column-is-layout-flow\" style=\"padding-right:var(--wp--preset--spacing--30);padding-left:var(--wp--preset--spacing--30);flex-basis:50%\">\n<figure class=\"wp-block-image size-full has-custom-border\"><img fetchpriority=\"high\" decoding=\"async\" width=\"512\" height=\"512\" src=\"http:\/\/kinayagro.com\/wp-content\/uploads\/2024\/07\/cropped-kinayagro-logo-1.png\" alt=\"\" class=\"wp-image-44\" style=\"border-radius:16px\" srcset=\"https:\/\/kinayagro.com\/wp-content\/uploads\/2024\/07\/cropped-kinayagro-logo-1.png 512w, https:\/\/kinayagro.com\/wp-content\/uploads\/2024\/07\/cropped-kinayagro-logo-1-300x300.png 300w, https:\/\/kinayagro.com\/wp-content\/uploads\/2024\/07\/cropped-kinayagro-logo-1-150x150.png 150w, https:\/\/kinayagro.com\/wp-content\/uploads\/2024\/07\/cropped-kinayagro-logo-1-270x270.png 270w, https:\/\/kinayagro.com\/wp-content\/uploads\/2024\/07\/cropped-kinayagro-logo-1-192x192.png 192w, https:\/\/kinayagro.com\/wp-content\/uploads\/2024\/07\/cropped-kinayagro-logo-1-180x180.png 180w, https:\/\/kinayagro.com\/wp-content\/uploads\/2024\/07\/cropped-kinayagro-logo-1-32x32.png 32w\" sizes=\"(max-width: 512px) 100vw, 512px\" \/><\/figure>\n<\/div>\n\n\n\n<div class=\"wp-block-column is-vertically-aligned-center is-layout-flow wp-block-column-is-layout-flow\" style=\"padding-top:0;padding-right:var(--wp--preset--spacing--30);padding-bottom:0;padding-left:var(--wp--preset--spacing--30);flex-basis:50%\">\n<h2 class=\"wp-block-heading has-neve-text-color-color has-text-color\">Hikayemiz<\/h2>\n\n\n\n<p class=\"has-neve-text-color-color has-text-color\"><strong>Misyonumuz:<\/strong><\/p>\n\n\n\n<p>KINAYAGRO TARIM olarak, \u00e7evreye duyarl\u0131 ve s\u00fcrd\u00fcr\u00fclebilir tar\u0131m uygulamalar\u0131n\u0131 te\u015fvik ederek, \u00e7ift\u00e7ilerimizin verimlili\u011fini art\u0131rmay\u0131 ve tar\u0131mda yenilik\u00e7i \u00e7\u00f6z\u00fcmler sunmay\u0131 misyon edindik.<\/p>\n\n\n\n<h4 class=\"wp-block-heading\">Vizyonumuz:<\/h4>\n\n\n\n<p>Gelece\u011fin tar\u0131m\u0131n\u0131 bug\u00fcnden in\u015fa ederek, d\u00fcnya genelinde tan\u0131nan ve g\u00fcvenilen bir tar\u0131m markas\u0131 olmay\u0131 hedefliyoruz. Do\u011faya sayg\u0131l\u0131, verimli ve s\u00fcrd\u00fcr\u00fclebilir tar\u0131m \u00e7\u00f6z\u00fcmleri ile sekt\u00f6rde \u00f6nc\u00fc olmay\u0131 ama\u00e7l\u0131yoruz.<\/p>\n\n\n\n<h4 class=\"wp-block-heading\">Tarih\u00e7emiz:<\/h4>\n\n\n\n<p class=\"has-neve-text-color-color has-text-color\">KINAYAGRO TARIM, 2021 y\u0131l\u0131nda kurulmu\u015f olup, tar\u0131m sekt\u00f6r\u00fcnde yenilik\u00e7i ve s\u00fcrd\u00fcr\u00fclebilir \u00e7\u00f6z\u00fcmler sunma hedefiyle yola \u00e7\u0131km\u0131\u015ft\u0131r. Kurulu\u015fumuzdan bu yana, \u00e7ift\u00e7ilerimize en iyi \u00fcr\u00fcnleri sunmak ve tar\u0131mda verimlili\u011fi art\u0131rmak i\u00e7in s\u00fcrekli olarak kendimizi geli\u015ftiriyoruz.<\/p>\n<\/div>\n<\/div>\n\n\n\n<div style=\"height:40px\" aria-hidden=\"true\" class=\"wp-block-spacer\"><\/div>\n<\/div><\/div>\n<\/div><\/div>\n\n\n\n<div class=\"wp-block-cover alignfull\" style=\"min-height:600px;aspect-ratio:unset;\"><span aria-hidden=\"true\" class=\"wp-block-cover__background has-nv-site-bg-background-color has-background-dim-100 has-background-dim\"><\/span><div class=\"wp-block-cover__inner-container is-layout-flow wp-block-cover-is-layout-flow\">\n<div class=\"wp-block-group\"><div class=\"wp-block-group__inner-container is-layout-flow wp-block-group-is-layout-flow\">\n<div class=\"wp-block-columns has-nv-text-dark-bg-color has-neve-link-color-background-color has-text-color has-background has-link-color wp-elements-74311487eba8f26f3e89b16ed4f2c3c8 is-layout-flex wp-container-core-columns-is-layout-54bf4747 wp-block-columns-is-layout-flex\" style=\"border-radius:24px;padding-top:var(--wp--preset--spacing--70);padding-right:var(--wp--preset--spacing--70);padding-bottom:var(--wp--preset--spacing--70);padding-left:var(--wp--preset--spacing--70)\">\n<div class=\"wp-block-column is-layout-flow wp-block-column-is-layout-flow\" style=\"flex-basis:100%\">\n<h2 class=\"wp-block-heading has-nv-text-dark-bg-color has-text-color has-link-color has-huge-font-size wp-elements-b70e69bd4585710bf0d9a1a5f3cc0feb\">Bizimle Hemen \u0130leti\u015fime Ge\u00e7in!<\/h2>\n<\/div>\n\n\n\n<div class=\"wp-block-column is-layout-flow wp-block-column-is-layout-flow\" style=\"flex-basis:100%\">\n<p class=\"has-nv-text-dark-bg-color has-text-color has-link-color has-medium-font-size wp-elements-f1a39edaacde320326ba0a0a63a87bd5\">Size yard\u0131mc\u0131 olmaktan memnuniyet duyar\u0131z.<\/p>\n\n\n\n<div class=\"wp-block-buttons is-layout-flex wp-block-buttons-is-layout-flex\">\n<div class=\"wp-block-button\"><a class=\"wp-block-button__link has-neve-link-color-color has-nv-site-bg-background-color has-text-color has-background has-link-color wp-element-button\" href=\"https:\/\/kinayagro.com\/index.php\/hakkinda\/\">\u0130leti\u015fim<\/a><\/div>\n<\/div>\n<\/div>\n<\/div>\n\n\n\n<div style=\"height:40px\" aria-hidden=\"true\" class=\"wp-block-spacer\"><\/div>\n<\/div><\/div>\n<\/div><\/div>\n","protected":false},"excerpt":{"rendered":"","protected":false},"author":1,"featured_media":0,"parent":0,"menu_order":0,"comment_status":"closed","ping_status":"closed","template":"","meta":{"neve_meta_sidebar":"","neve_meta_container":"","neve_meta_enable_content_width":"on","neve_meta_content_width":100,"neve_meta_title_alignment":"","neve_meta_author_avatar":"","neve_post_elements_order":"","neve_meta_disable_header":"","neve_meta_disable_footer":"","neve_meta_disable_title":"on","footnotes":""},"class_list":["post-12","page","type-page","status-publish","hentry"],"_links":{"self":[{"href":"https:\/\/kinayagro.com\/index.php\/wp-json\/wp\/v2\/pages\/12","targetHints":{"allow":["GET"]}}],"collection":[{"href":"https:\/\/kinayagro.com\/index.php\/wp-json\/wp\/v2\/pages"}],"about":[{"href":"https:\/\/kinayagro.com\/index.php\/wp-json\/wp\/v2\/types\/page"}],"author":[{"embeddable":true,"href":"https:\/\/kinayagro.com\/index.php\/wp-json\/wp\/v2\/users\/1"}],"replies":[{"embeddable":true,"href":"https:\/\/kinayagro.com\/index.php\/wp-json\/wp\/v2\/comments?post=12"}],"version-history":[{"count":5,"href":"https:\/\/kinayagro.com\/index.php\/wp-json\/wp\/v2\/pages\/12\/revisions"}],"predecessor-version":[{"id":117,"href":"https:\/\/kinayagro.com\/index.php\/wp-json\/wp\/v2\/pages\/12\/revisions\/117"}],"wp:attachment":[{"href":"https:\/\/kinayagro.com\/index.php\/wp-json\/wp\/v2\/media?parent=12"}],"curies":[{"name":"wp","href":"https:\/\/api.w.org\/{rel}","templated":true}]}}