{"id":11,"date":"2024-07-17T14:46:27","date_gmt":"2024-07-17T11:46:27","guid":{"rendered":"https:\/\/kinayagro.com\/?page_id=11"},"modified":"2024-09-30T11:43:29","modified_gmt":"2024-09-30T08:43:29","slug":"ana-sayfa","status":"publish","type":"page","link":"https:\/\/kinayagro.com\/","title":{"rendered":"Ana sayfa"},"content":{"rendered":"\n<div class=\"wp-block-cover alignfull\" style=\"min-height:800px;aspect-ratio:unset;\"><span aria-hidden=\"true\" class=\"wp-block-cover__background has-background-dim-10 has-background-dim\"><\/span><img fetchpriority=\"high\" decoding=\"async\" width=\"1162\" height=\"700\" class=\"wp-block-cover__image-background wp-image-37\" alt=\"\" src=\"http:\/\/kinayagro.com\/wp-content\/uploads\/2024\/07\/bg-kinayagro.jpg\" data-object-fit=\"cover\" srcset=\"https:\/\/kinayagro.com\/wp-content\/uploads\/2024\/07\/bg-kinayagro.jpg 1162w, https:\/\/kinayagro.com\/wp-content\/uploads\/2024\/07\/bg-kinayagro-300x181.jpg 300w, https:\/\/kinayagro.com\/wp-content\/uploads\/2024\/07\/bg-kinayagro-1024x617.jpg 1024w, https:\/\/kinayagro.com\/wp-content\/uploads\/2024\/07\/bg-kinayagro-768x463.jpg 768w\" sizes=\"(max-width: 1162px) 100vw, 1162px\" \/><div class=\"wp-block-cover__inner-container is-layout-flow wp-block-cover-is-layout-flow\">\n<div class=\"wp-block-columns are-vertically-aligned-center is-layout-flex wp-container-core-columns-is-layout-9d6595d7 wp-block-columns-is-layout-flex\">\n<div class=\"wp-block-column is-vertically-aligned-center is-layout-flow wp-block-column-is-layout-flow\" style=\"padding-right:var(--wp--preset--spacing--20);padding-left:var(--wp--preset--spacing--20);flex-basis:65%\">\n<div style=\"height:80px\" aria-hidden=\"true\" class=\"wp-block-spacer\"><\/div>\n\n\n\n<h1 class=\"wp-block-heading has-text-align-left has-nv-text-dark-bg-color has-text-color\">Kaliteyi sizlere ula\u015ft\u0131r\u0131yoruz!<\/h1>\n\n\n\n<p class=\"has-text-align-left has-nv-text-dark-bg-color has-text-color\" style=\"font-size:17px\">\u0130nsan bitki ve do\u011faya en uygun ve kaliteli \u00fcr\u00fcnleri \u00fcretiyoruz<\/p>\n\n\n\n<div class=\"wp-block-buttons is-horizontal is-content-justification-left is-layout-flex wp-container-core-buttons-is-layout-7e5fce0a wp-block-buttons-is-layout-flex\">\n<div class=\"wp-block-button is-style-primary\"><a class=\"wp-block-button__link has-nv-c-1-color has-text-color has-background has-link-color wp-element-button\" href=\"https:\/\/kinayagro.com\/index.php\/hakkinda\/\" style=\"background-color:#ffffff\">hakk\u0131m\u0131zda<\/a><\/div>\n\n\n\n<div class=\"wp-block-button is-style-primary\"><a class=\"wp-block-button__link has-nv-text-dark-bg-color has-text-color has-background has-link-color wp-element-button\" href=\"https:\/\/kinayagro.com\/index.php\/contact\/\" style=\"background-color:#049263\">\u0130leti\u015fim<\/a><\/div>\n<\/div>\n\n\n\n<div style=\"height:100px\" aria-hidden=\"true\" class=\"wp-block-spacer\"><\/div>\n<\/div>\n\n\n\n<div class=\"wp-block-column is-vertically-aligned-center is-layout-flow wp-block-column-is-layout-flow\"><\/div>\n<\/div>\n<\/div><\/div>\n\n\n\n<div style=\"height:40px\" aria-hidden=\"true\" class=\"wp-block-spacer\"><\/div>\n\n\n\n<div class=\"wp-block-columns is-layout-flex wp-container-core-columns-is-layout-9d6595d7 wp-block-columns-is-layout-flex\">\n<div class=\"wp-block-column neve-duotone is-layout-flow wp-block-column-is-layout-flow\" style=\"padding-right:var(--wp--preset--spacing--30);padding-left:var(--wp--preset--spacing--30)\"><div class=\"wp-block-image icon-style is-style-default wp-duotone-rgb912819-67ff66-1\">\n<figure class=\"aligncenter size-full has-custom-border\"><img decoding=\"async\" width=\"72\" height=\"72\" src=\"https:\/\/kinayagro.com\/wp-content\/uploads\/2024\/07\/image.png\" alt=\"\" class=\"wp-image-59\" style=\"border-radius:0px\" title=\"\"\/><\/figure>\n<\/div>\n\n\n<div style=\"height:16px\" aria-hidden=\"true\" class=\"wp-block-spacer\"><\/div>\n\n\n\n<h3 class=\"wp-block-heading has-text-align-center has-neve-text-color-color has-text-color\"><strong>Do\u011fal ve Organik \u00dcr\u00fcnler<\/strong><\/h3>\n\n\n\n<p class=\"has-text-align-center\">KINAYAGRO TARIM&#8217;\u0131n do\u011fal ve organik \u00fcr\u00fcnleri ile tar\u0131m\u0131n\u0131z\u0131 daha s\u00fcrd\u00fcr\u00fclebilir hale getirin. \u00c7evreye duyarl\u0131 ve bitkilerinizin sa\u011fl\u0131kl\u0131 b\u00fcy\u00fcmesini destekleyen \u00fcr\u00fcnlerimizle tan\u0131\u015f\u0131n.<\/p>\n\n\n\n<div style=\"height:20px\" aria-hidden=\"true\" class=\"wp-block-spacer\"><\/div>\n<\/div>\n\n\n\n<div class=\"wp-block-column is-layout-flow wp-block-column-is-layout-flow\" style=\"padding-right:var(--wp--preset--spacing--30);padding-left:var(--wp--preset--spacing--30)\"><div class=\"wp-block-image icon-style is-style-default wp-duotone-rgb41230-67ff66-2\">\n<figure class=\"aligncenter size-full has-custom-border\"><img decoding=\"async\" src=\"https:\/\/kinayagro.com\/wp-content\/themes\/neve\/assets\/img\/starter-content\/neve-marketing-icon-4.1.png\" alt=\"\" style=\"border-radius:0px\" title=\"\"\/><\/figure>\n<\/div>\n\n\n<div style=\"height:16px\" aria-hidden=\"true\" class=\"wp-block-spacer\"><\/div>\n\n\n\n<h3 class=\"wp-block-heading has-text-align-center has-neve-text-color-color has-text-color\"><strong>Yenilik\u00e7i Teknolojiler<\/strong><\/h3>\n\n\n\n<p class=\"has-text-align-center\">Tar\u0131mda verimlili\u011fi art\u0131ran yenilik\u00e7i teknolojilerle tan\u0131\u015f\u0131n. Ak\u0131ll\u0131 sulama sistemleri ve biyolojik zararl\u0131 m\u00fccadele \u00fcr\u00fcnlerimizle gelece\u011fin tar\u0131m\u0131n\u0131 bug\u00fcnden in\u015fa edin.<\/p>\n\n\n\n<div style=\"height:20px\" aria-hidden=\"true\" class=\"wp-block-spacer\"><\/div>\n<\/div>\n\n\n\n<div class=\"wp-block-column is-layout-flow wp-block-column-is-layout-flow\" style=\"padding-right:var(--wp--preset--spacing--30);padding-left:var(--wp--preset--spacing--30)\"><div class=\"wp-block-image icon-style is-style-default wp-duotone-rgb171121-67ff66-3\">\n<figure class=\"aligncenter size-full has-custom-border\"><img decoding=\"async\" src=\"https:\/\/kinayagro.com\/wp-content\/themes\/neve\/assets\/img\/starter-content\/neve-marketing-icon-3.1.png\" alt=\"\" style=\"border-radius:0px\" title=\"\"\/><\/figure>\n<\/div>\n\n\n<div style=\"height:16px\" aria-hidden=\"true\" class=\"wp-block-spacer\"><\/div>\n\n\n\n<h3 class=\"wp-block-heading has-text-align-center has-neve-text-color-color has-text-color\"><strong>\u00c7evre Dostu \u00c7\u00f6z\u00fcmler<\/strong><\/h3>\n\n\n\n<p class=\"has-text-align-center\">\u00c7evreye zarar vermeyen, s\u00fcrd\u00fcr\u00fclebilir tar\u0131m \u00e7\u00f6z\u00fcmleri sunuyoruz. Biyolojik m\u00fccadele ve organik g\u00fcbrelerimizle do\u011fay\u0131 koruyarak verimlili\u011fi art\u0131r\u0131n.<\/p>\n\n\n\n<div style=\"height:20px\" aria-hidden=\"true\" class=\"wp-block-spacer\"><\/div>\n<\/div>\n\n\n\n<div class=\"wp-block-column is-layout-flow wp-block-column-is-layout-flow\" style=\"padding-right:var(--wp--preset--spacing--30);padding-left:var(--wp--preset--spacing--30)\"><div class=\"wp-block-image icon-style is-style-default wp-duotone-rgb09320-67ff66-4\">\n<figure class=\"aligncenter size-full has-custom-border\"><img decoding=\"async\" src=\"https:\/\/kinayagro.com\/wp-content\/themes\/neve\/assets\/img\/starter-content\/neve-marketing-icon-2.png\" alt=\"\" style=\"border-radius:0px\" title=\"\"\/><\/figure>\n<\/div>\n\n\n<div style=\"height:16px\" aria-hidden=\"true\" class=\"wp-block-spacer\"><\/div>\n\n\n\n<h3 class=\"wp-block-heading has-text-align-center has-neve-text-color-color has-text-color\"><strong>\u00c7ift\u00e7i Dostu Hizmetle<\/strong><\/h3>\n\n\n\n<p class=\"has-text-align-center\">\u00c7ift\u00e7ilerimizin yan\u0131nda olan destek ve hizmetlerimizle tan\u0131\u015f\u0131n. E\u011fitim, dan\u0131\u015fmanl\u0131k ve m\u00fc\u015fteri deste\u011fimizle tar\u0131mda ba\u015far\u0131ya ula\u015fman\u0131z i\u00e7in buraday\u0131z.<\/p>\n\n\n\n<div style=\"height:20px\" aria-hidden=\"true\" class=\"wp-block-spacer\"><\/div>\n<\/div>\n<\/div>\n\n\n\n<div class=\"wp-block-cover alignfull\" style=\"min-height:600px;aspect-ratio:unset;\"><span aria-hidden=\"true\" class=\"wp-block-cover__background has-nv-site-bg-background-color has-background-dim-100 has-background-dim\"><\/span><div class=\"wp-block-cover__inner-container is-layout-flow wp-block-cover-is-layout-flow\">\n<div class=\"wp-block-group\"><div class=\"wp-block-group__inner-container is-layout-flow wp-block-group-is-layout-flow\">\n<div style=\"height:0px\" aria-hidden=\"true\" class=\"wp-block-spacer\"><\/div>\n\n\n\n<div class=\"wp-block-columns are-vertically-aligned-center is-layout-flex wp-container-core-columns-is-layout-9d6595d7 wp-block-columns-is-layout-flex\">\n<div class=\"wp-block-column is-vertically-aligned-center is-layout-flow wp-block-column-is-layout-flow\" style=\"padding-right:var(--wp--preset--spacing--30);padding-left:var(--wp--preset--spacing--30);flex-basis:50%\">\n<figure class=\"wp-block-image size-full has-custom-border is-style-default\"><img decoding=\"async\" width=\"512\" height=\"512\" src=\"http:\/\/kinayagro.com\/wp-content\/uploads\/2024\/07\/cropped-kinayagro-logo-1.png\" alt=\"\" class=\"wp-image-44\" style=\"border-radius:16px\" srcset=\"https:\/\/kinayagro.com\/wp-content\/uploads\/2024\/07\/cropped-kinayagro-logo-1.png 512w, https:\/\/kinayagro.com\/wp-content\/uploads\/2024\/07\/cropped-kinayagro-logo-1-300x300.png 300w, https:\/\/kinayagro.com\/wp-content\/uploads\/2024\/07\/cropped-kinayagro-logo-1-150x150.png 150w, https:\/\/kinayagro.com\/wp-content\/uploads\/2024\/07\/cropped-kinayagro-logo-1-270x270.png 270w, https:\/\/kinayagro.com\/wp-content\/uploads\/2024\/07\/cropped-kinayagro-logo-1-192x192.png 192w, https:\/\/kinayagro.com\/wp-content\/uploads\/2024\/07\/cropped-kinayagro-logo-1-180x180.png 180w, https:\/\/kinayagro.com\/wp-content\/uploads\/2024\/07\/cropped-kinayagro-logo-1-32x32.png 32w\" sizes=\"(max-width: 512px) 100vw, 512px\" \/><\/figure>\n<\/div>\n\n\n\n<div class=\"wp-block-column is-vertically-aligned-center is-layout-flow wp-block-column-is-layout-flow\" style=\"padding-right:var(--wp--preset--spacing--30);padding-left:var(--wp--preset--spacing--30);flex-basis:50%\">\n<div style=\"height:20px\" aria-hidden=\"true\" class=\"wp-block-spacer\"><\/div>\n\n\n\n<h2 class=\"wp-block-heading has-text-align-left has-neve-text-color-color has-text-color\">Hakk\u0131m\u0131zda<\/h2>\n\n\n\n<p class=\"has-text-align-left has-neve-text-color-color has-text-color\" style=\"font-size:17px\">KINAYAGRO TARIM, 2021 y\u0131l\u0131nda kurulmu\u015f olup, tar\u0131m sekt\u00f6r\u00fcnde yenilik\u00e7i ve s\u00fcrd\u00fcr\u00fclebilir \u00e7\u00f6z\u00fcmler sunma hedefiyle yola \u00e7\u0131km\u0131\u015ft\u0131r. Kurulu\u015fumuzdan bu yana, \u00e7ift\u00e7ilerimize en iyi \u00fcr\u00fcnleri sunmak ve tar\u0131mda verimlili\u011fi art\u0131rmak i\u00e7in s\u00fcrekli olarak kendimizi geli\u015ftiriyoruz.<\/p>\n\n\n\n<div class=\"wp-block-buttons has-custom-font-size has-small-font-size is-content-justification-left is-layout-flex wp-container-core-buttons-is-layout-fdcfc74e wp-block-buttons-is-layout-flex\">\n<div class=\"wp-block-button has-custom-font-size is-style-default\" style=\"font-size:16px\"><a class=\"wp-block-button__link has-nv-text-dark-bg-color has-neve-link-color-background-color has-text-color has-background has-link-color wp-element-button\" href=\"https:\/\/kinayagro.com\/index.php\/hakkinda\/\">Daha Fazla bilgi<\/a><\/div>\n<\/div>\n<\/div>\n<\/div>\n\n\n\n<div style=\"height:40px\" aria-hidden=\"true\" class=\"wp-block-spacer\"><\/div>\n<\/div><\/div>\n<\/div><\/div>\n\n\n\n<div class=\"wp-block-cover alignfull has-nv-text-dark-bg-color has-text-color has-link-color wp-elements-19ab8f34614be5646f844c5f7c74fe56\" style=\"min-height:420px;aspect-ratio:unset;\"><span aria-hidden=\"true\" class=\"wp-block-cover__background has-nv-dark-bg-background-color has-background-dim-100 has-background-dim\"><\/span><div class=\"wp-block-cover__inner-container is-layout-flow wp-block-cover-is-layout-flow\">\n<div style=\"height:30px\" aria-hidden=\"true\" class=\"wp-block-spacer\"><\/div>\n\n\n\n<div class=\"wp-block-columns is-layout-flex wp-container-core-columns-is-layout-9d6595d7 wp-block-columns-is-layout-flex\">\n<div class=\"wp-block-column ticss-4ce656f1 is-layout-flow wp-block-column-is-layout-flow\"><div class=\"wp-block-image is-style-rounded\">\n<figure class=\"aligncenter size-full is-resized\"><img decoding=\"async\" src=\"https:\/\/kinayagro.com\/wp-content\/themes\/neve\/assets\/img\/starter-content\/neve-marketing-agency-04.jpg\" alt=\"\" style=\"width:80px;height:80px\"\/><\/figure>\n<\/div>\n\n\n<div style=\"height:24px\" aria-hidden=\"true\" class=\"wp-block-spacer\"><\/div>\n\n\n\n<p class=\"has-text-align-center has-nv-text-dark-bg-color has-text-color has-link-color wp-elements-535e53f1f6fe47974c299631923089fc\">&#8220;Biyolojik zararl\u0131 m\u00fccadele \u00fcr\u00fcnleri ile ba\u011flar\u0131m\u0131 kimyasal kullanmadan koruyabiliyorum. KINAYAGRO TARIM \u00fcr\u00fcnleri hem \u00e7evre dostu hem de \u00e7ok etkili.&#8221;<\/p>\n\n\n\n<p class=\"has-text-align-center has-nv-text-dark-bg-color has-text-color has-small-font-size\" style=\"text-transform:uppercase\"><strong>Elif Demir &#8211; Ba\u011fc\u0131<\/strong><span style=\"caret-color: rgb(0, 0, 0); color: rgb(0, 0, 0); font-family: -webkit-standard; font-size: medium; text-align: start; text-transform: none; white-space-collapse: collapse;\"><\/span><\/p>\n\n\n\n<div style=\"height:20px\" aria-hidden=\"true\" class=\"wp-block-spacer\"><\/div>\n<\/div>\n\n\n\n<div class=\"wp-block-column ticss-f6fc7494 is-layout-flow wp-block-column-is-layout-flow\"><div class=\"wp-block-image is-style-rounded\">\n<figure class=\"aligncenter size-full is-resized\"><img decoding=\"async\" src=\"https:\/\/kinayagro.com\/wp-content\/themes\/neve\/assets\/img\/starter-content\/neve-marketing-agency-03.jpg\" alt=\"\" style=\"width:80px;height:80px\"\/><\/figure>\n<\/div>\n\n\n<div style=\"height:24px\" aria-hidden=\"true\" class=\"wp-block-spacer\"><\/div>\n\n\n\n<p class=\"has-text-align-center has-nv-text-dark-bg-color has-text-color\">&#8220;KINAYAGRO TARIM &#8216;\u0131n organik g\u00fcbreleri sayesinde mahsul verimim %30 artt\u0131. Do\u011fal ve etkili \u00fcr\u00fcnler kullanmak, tar\u0131mda b\u00fcy\u00fck fark yarat\u0131yor.&#8221;<\/p>\n\n\n\n<p class=\"has-text-align-center has-nv-text-dark-bg-color has-text-color has-small-font-size\" style=\"text-transform:uppercase\"><strong>Ahmet Y\u0131lmaz &#8211; \u00c7ift\u00e7i<\/strong><\/p>\n\n\n\n<div style=\"height:20px\" aria-hidden=\"true\" class=\"wp-block-spacer\"><\/div>\n<\/div>\n\n\n\n<div class=\"wp-block-column ticss-a5b4df29 is-layout-flow wp-block-column-is-layout-flow\"><div class=\"wp-block-image is-style-rounded\">\n<figure class=\"aligncenter size-full is-resized\"><img decoding=\"async\" src=\"https:\/\/kinayagro.com\/wp-content\/themes\/neve\/assets\/img\/starter-content\/neve-marketing-agency-02.jpg\" alt=\"\" style=\"width:80px;height:80px\"\/><\/figure>\n<\/div>\n\n\n<div style=\"height:24px\" aria-hidden=\"true\" class=\"wp-block-spacer\"><\/div>\n\n\n\n<p class=\"has-text-align-center has-nv-text-dark-bg-color has-text-color\">&#8220;KINAYAGRO TARIM&#8217;\u0131n ak\u0131ll\u0131 sulama sistemleri ile su t\u00fcketimimizi %40 azaltt\u0131k. Hem do\u011faya sayg\u0131l\u0131 hem de ekonomik \u00e7\u00f6z\u00fcmleriyle tar\u0131m\u0131m\u0131z daha s\u00fcrd\u00fcr\u00fclebilir hale geldi. M\u00fc\u015fteri destekleri de her zaman yan\u0131m\u0131zda.&#8221;<\/p>\n\n\n\n<p class=\"has-text-align-center has-nv-text-dark-bg-color has-text-color has-small-font-size\" style=\"text-transform:uppercase\"><strong>selin toprak &#8211; Sebze \u00dcreticisi<\/strong><\/p>\n\n\n\n<div style=\"height:20px\" aria-hidden=\"true\" class=\"wp-block-spacer\"><\/div>\n<\/div>\n<\/div>\n\n\n\n<div style=\"height:0px\" aria-hidden=\"true\" class=\"wp-block-spacer\"><\/div>\n<\/div><\/div>\n\n\n\n<div class=\"wp-block-cover alignfull\" style=\"padding-top:0;padding-bottom:0;min-height:300px;aspect-ratio:unset;\"><span aria-hidden=\"true\" class=\"wp-block-cover__background has-neve-link-color-background-color has-background-dim-100 has-background-dim\"><\/span><div class=\"wp-block-cover__inner-container is-layout-flow wp-block-cover-is-layout-flow\">\n<div style=\"height:10px\" aria-hidden=\"true\" class=\"wp-block-spacer\"><\/div>\n\n\n\n<div class=\"wp-block-columns is-layout-flex wp-container-core-columns-is-layout-9d6595d7 wp-block-columns-is-layout-flex\">\n<div class=\"wp-block-column is-layout-flow wp-block-column-is-layout-flow\" style=\"flex-basis:20%\"><\/div>\n\n\n\n<div class=\"wp-block-column is-layout-flow wp-block-column-is-layout-flow\" style=\"flex-basis:60%\">\n<div style=\"height:52px\" aria-hidden=\"true\" class=\"wp-block-spacer\"><\/div>\n\n\n\n<div class=\"wp-block-group\"><div class=\"wp-block-group__inner-container is-layout-constrained wp-block-group-is-layout-constrained\">\n<h2 class=\"wp-block-heading has-text-align-center has-nv-text-dark-bg-color has-text-color\">Bizimle \u0130leti\u015fime Ge\u00e7in<\/h2>\n\n\n\n<p class=\"has-text-align-center has-nv-text-dark-bg-color has-text-color has-link-color wp-elements-c4c4dc59e15fcec70d6cee053c819fb4\">Hakk\u0131m\u0131zda daha fazla bilgi almak, \u00fcr\u00fcnlerimiz hakk\u0131nda sorular sormak veya \u00f6nerilerde bulunmak i\u00e7in bizimle ileti\u015fime ge\u00e7ebilirsiniz. Size yard\u0131mc\u0131 olmaktan memnuniyet duyar\u0131z.<\/p>\n\n\n\n<div class=\"wp-block-columns alignfull is-layout-flex wp-container-core-columns-is-layout-9d6595d7 wp-block-columns-is-layout-flex\">\n<div class=\"wp-block-column is-layout-flow wp-block-column-is-layout-flow\"><\/div>\n\n\n\n<div class=\"wp-block-column is-layout-flow wp-block-column-is-layout-flow\"><\/div>\n<\/div>\n\n\n\n<div class=\"wp-block-buttons is-horizontal is-content-justification-center is-layout-flex wp-container-core-buttons-is-layout-499968f5 wp-block-buttons-is-layout-flex\">\n<div class=\"wp-block-button is-style-primary\"><a class=\"wp-block-button__link has-neve-link-color-color has-text-color has-background has-link-color wp-element-button\" href=\"https:\/\/kinayagro.com\/contact\/\" style=\"background-color:#ffffff\">\u0130leti\u015fim<\/a><\/div>\n<\/div>\n<\/div><\/div>\n\n\n\n<div style=\"height:57px\" aria-hidden=\"true\" class=\"wp-block-spacer\"><\/div>\n<\/div>\n\n\n\n<div class=\"wp-block-column is-layout-flow wp-block-column-is-layout-flow\" style=\"flex-basis:20%\"><\/div>\n<\/div>\n<\/div><\/div>\n","protected":false},"excerpt":{"rendered":"<p>Do\u011fal ve Organik \u00dcr\u00fcnler KINAYAGRO TARIM&#8217;\u0131n do\u011fal ve organik \u00fcr\u00fcnleri ile tar\u0131m\u0131n\u0131z\u0131 daha s\u00fcrd\u00fcr\u00fclebilir hale getirin. \u00c7evreye duyarl\u0131 ve bitkilerinizin sa\u011fl\u0131kl\u0131 b\u00fcy\u00fcmesini destekleyen \u00fcr\u00fcnlerimizle tan\u0131\u015f\u0131n. Yenilik\u00e7i Teknolojiler Tar\u0131mda verimlili\u011fi art\u0131ran yenilik\u00e7i teknolojilerle tan\u0131\u015f\u0131n. Ak\u0131ll\u0131 sulama sistemleri ve biyolojik zararl\u0131 m\u00fccadele \u00fcr\u00fcnlerimizle gelece\u011fin tar\u0131m\u0131n\u0131 bug\u00fcnden in\u015fa edin. \u00c7evre Dostu \u00c7\u00f6z\u00fcmler \u00c7evreye zarar vermeyen, s\u00fcrd\u00fcr\u00fclebilir tar\u0131m \u00e7\u00f6z\u00fcmleri&hellip;&nbsp;<a href=\"https:\/\/kinayagro.com\/\" class=\"\" rel=\"bookmark\">Daha fazlas\u0131n\u0131 oku &raquo;<span class=\"screen-reader-text\">Ana sayfa<\/span><\/a><\/p>\n","protected":false},"author":1,"featured_media":0,"parent":0,"menu_order":0,"comment_status":"closed","ping_status":"closed","template":"","meta":{"neve_meta_sidebar":"","neve_meta_container":"","neve_meta_enable_content_width":"on","neve_meta_content_width":100,"neve_meta_title_alignment":"","neve_meta_author_avatar":"","neve_post_elements_order":"","neve_meta_disable_header":"","neve_meta_disable_footer":"","neve_meta_disable_title":"on","footnotes":""},"class_list":["post-11","page","type-page","status-publish","hentry"],"_links":{"self":[{"href":"https:\/\/kinayagro.com\/index.php\/wp-json\/wp\/v2\/pages\/11","targetHints":{"allow":["GET"]}}],"collection":[{"href":"https:\/\/kinayagro.com\/index.php\/wp-json\/wp\/v2\/pages"}],"about":[{"href":"https:\/\/kinayagro.com\/index.php\/wp-json\/wp\/v2\/types\/page"}],"author":[{"embeddable":true,"href":"https:\/\/kinayagro.com\/index.php\/wp-json\/wp\/v2\/users\/1"}],"replies":[{"embeddable":true,"href":"https:\/\/kinayagro.com\/index.php\/wp-json\/wp\/v2\/comments?post=11"}],"version-history":[{"count":20,"href":"https:\/\/kinayagro.com\/index.php\/wp-json\/wp\/v2\/pages\/11\/revisions"}],"predecessor-version":[{"id":126,"href":"https:\/\/kinayagro.com\/index.php\/wp-json\/wp\/v2\/pages\/11\/revisions\/126"}],"wp:attachment":[{"href":"https:\/\/kinayagro.com\/index.php\/wp-json\/wp\/v2\/media?parent=11"}],"curies":[{"name":"wp","href":"https:\/\/api.w.org\/{rel}","templated":true}]}}